{"id":49,"date":"2025-12-01T13:01:56","date_gmt":"2025-12-01T12:01:56","guid":{"rendered":"https:\/\/relaunch26.giata.com\/?page_id=49"},"modified":"2026-01-21T16:13:59","modified_gmt":"2026-01-21T15:13:59","slug":"impressum","status":"publish","type":"page","link":"https:\/\/www.giata.com\/de\/legal-notice\/","title":{"rendered":"Impressum"},"content":{"rendered":"<h1 class=\"wp-block-heading\">Impressum<\/h1>\n\n\n\n<p>Dieser Webservice wird von der GIATA GmbH - Gesellschaft zur Entwicklung und Vermarktung interaktiver Tourismusanwendungen GmbH angeboten.<\/p>\n\n\n\n<div style=\"height:20px\" aria-hidden=\"true\" class=\"wp-block-spacer\"><\/div>\n\n\n\n<h5 class=\"wp-block-heading\">Hauptverwaltung<\/h5>\n\n\n\n<p>GIATA GmbH<br>Schlesische Stra\u00dfe 26<br>D-10997 Berlin<\/p>\n\n\n\n<div style=\"height:20px\" aria-hidden=\"true\" class=\"wp-block-spacer\"><\/div>\n\n\n\n<p><\/p>\n\n\n\n<h5 class=\"wp-block-heading\">Kontakt<\/h5>\n\n\n\n<p>Tel: +49 (0)30 420 265 0<br>Fax: +49 (0)30 420 265 19<br>E-Mail:&nbsp;<a href=\"mailto:info@giata.com\">info@giata.com<\/a><\/p>\n\n\n\n<div style=\"height:20px\" aria-hidden=\"true\" class=\"wp-block-spacer\"><\/div>\n\n\n\n<p><\/p>\n\n\n\n<h5 class=\"wp-block-heading\">Gesch\u00e4ftsf\u00fchrende Direktoren<\/h5>\n\n\n\n<p>Mathis Boldt<br>Michael Rehs<\/p>\n\n\n\n<div style=\"height:20px\" aria-hidden=\"true\" class=\"wp-block-spacer\"><\/div>\n\n\n\n<p><\/p>\n\n\n\n<h5 class=\"wp-block-heading\">Zust\u00e4ndiges Gericht<\/h5>\n\n\n\n<p>Amtsgericht Charlottenburg, HRB 203762 B<\/p>\n\n\n\n<p>USt-IdNr. Nr. DE 183 944 412<\/p>\n\n\n\n<div style=\"height:40px\" aria-hidden=\"true\" class=\"wp-block-spacer\"><\/div>\n\n\n\n<hr class=\"wp-block-separator has-alpha-channel-opacity\"\/>\n\n\n\n<div style=\"height:40px\" aria-hidden=\"true\" class=\"wp-block-spacer\"><\/div>\n\n\n\n<p>Alle Informationen auf dieser Website sind als Richtwerte zu verstehen. Wir sind st\u00e4ndig dabei, neue Produkte zu entwickeln. \u00c4nderungen des Funktions- und Formumfangs sind daher ohne vorherige Ank\u00fcndigung m\u00f6glich. GIATA \u00fcbernimmt keine Verantwortung f\u00fcr die Inhalte fremder Internetseiten. GIATA lehnt hiermit jegliche Haftung f\u00fcr eventuell strafbare Inhalte auf Websites anderer Betreiber ab, zu denen GIATA Links anbietet.<\/p>","protected":false},"excerpt":{"rendered":"<p>Legal notice This web service is provided by GIATA GmbH \u2013 Gesellschaft zur Entwicklung und Vermarktung interaktiver Tourismusanwendungen GmbH. Head &#8230;<\/p>","protected":false},"author":2,"featured_media":0,"parent":0,"menu_order":9,"comment_status":"closed","ping_status":"closed","template":"","meta":{"_acf_changed":false,"content-type":"","footnotes":""},"class_list":["post-49","page","type-page","status-publish","format-standard","hentry"],"acf":[],"yoast_head":"<!-- This site is optimized with the Yoast SEO Premium plugin v27.4 (Yoast SEO v27.4) - https:\/\/yoast.com\/product\/yoast-seo-premium-wordpress\/ -->\n<title>Legal Notice | GIATA GmbH<\/title>\n<meta name=\"description\" content=\"Official legal information and business details for GIATA GmbH. View our management, registry information, and contact details for our Berlin headquarters.\" \/>\n<meta name=\"robots\" content=\"index, follow, max-snippet:-1, max-image-preview:large, max-video-preview:-1\" \/>\n<link rel=\"canonical\" href=\"https:\/\/www.giata.com\/de\/impressum\/\" \/>\n<meta property=\"og:locale\" content=\"de_DE\" \/>\n<meta property=\"og:type\" content=\"article\" \/>\n<meta property=\"og:title\" content=\"Legal notice\" \/>\n<meta property=\"og:description\" content=\"Official legal information and business details for GIATA GmbH. View our management, registry information, and contact details for our Berlin headquarters.\" \/>\n<meta property=\"og:url\" content=\"https:\/\/www.giata.com\/de\/impressum\/\" \/>\n<meta property=\"og:site_name\" content=\"GIATA\" \/>\n<meta property=\"article:modified_time\" content=\"2026-01-21T15:13:59+00:00\" \/>\n<meta name=\"twitter:card\" content=\"summary_large_image\" \/>\n<meta name=\"twitter:label1\" content=\"Gesch\u00e4tzte Lesezeit\" \/>\n\t<meta name=\"twitter:data1\" content=\"1\u00a0Minute\" \/>\n<script type=\"application\/ld+json\" class=\"yoast-schema-graph\">{\"@context\":\"https:\\\/\\\/schema.org\",\"@graph\":[{\"@type\":\"WebPage\",\"@id\":\"https:\\\/\\\/www.giata.com\\\/legal-notice\\\/\",\"url\":\"https:\\\/\\\/www.giata.com\\\/legal-notice\\\/\",\"name\":\"Legal Notice | GIATA GmbH\",\"isPartOf\":{\"@id\":\"https:\\\/\\\/www.giata.com\\\/#website\"},\"datePublished\":\"2025-12-01T12:01:56+00:00\",\"dateModified\":\"2026-01-21T15:13:59+00:00\",\"description\":\"Official legal information and business details for GIATA GmbH. View our management, registry information, and contact details for our Berlin headquarters.\",\"breadcrumb\":{\"@id\":\"https:\\\/\\\/www.giata.com\\\/legal-notice\\\/#breadcrumb\"},\"inLanguage\":\"de\",\"potentialAction\":[{\"@type\":\"ReadAction\",\"target\":[\"https:\\\/\\\/www.giata.com\\\/legal-notice\\\/\"]}]},{\"@type\":\"BreadcrumbList\",\"@id\":\"https:\\\/\\\/www.giata.com\\\/legal-notice\\\/#breadcrumb\",\"itemListElement\":[{\"@type\":\"ListItem\",\"position\":1,\"name\":\"Home\",\"item\":\"https:\\\/\\\/www.giata.com\\\/\"},{\"@type\":\"ListItem\",\"position\":2,\"name\":\"Legal notice\"}]},{\"@type\":\"WebSite\",\"@id\":\"https:\\\/\\\/www.giata.com\\\/#website\",\"url\":\"https:\\\/\\\/www.giata.com\\\/\",\"name\":\"GIATA\",\"description\":\"Better data. Better travel.\",\"potentialAction\":[{\"@type\":\"SearchAction\",\"target\":{\"@type\":\"EntryPoint\",\"urlTemplate\":\"https:\\\/\\\/www.giata.com\\\/?s={search_term_string}\"},\"query-input\":{\"@type\":\"PropertyValueSpecification\",\"valueRequired\":true,\"valueName\":\"search_term_string\"}}],\"inLanguage\":\"de\"},{\"@type\":\"ImageObject\",\"inLanguage\":\"de\",\"@id\":\"https:\\\/\\\/www.giata.com\\\/legal-notice\\\/#local-main-organization-logo\",\"url\":\"\",\"contentUrl\":\"\",\"caption\":\"GIATA\"}]}<\/script>\n<!-- \/ Yoast SEO Premium plugin. -->","yoast_head_json":{"title":"Rechtliche Hinweise | GIATA GmbH","description":"Offizielle rechtliche Informationen und Gesch\u00e4ftsdaten der GIATA GmbH. Sehen Sie sich unsere Gesch\u00e4ftsf\u00fchrung, Registerinformationen und Kontaktdaten unserer Berliner Zentrale an.","robots":{"index":"index","follow":"follow","max-snippet":"max-snippet:-1","max-image-preview":"max-image-preview:large","max-video-preview":"max-video-preview:-1"},"canonical":"https:\/\/www.giata.com\/de\/impressum\/","og_locale":"de_DE","og_type":"article","og_title":"Legal notice","og_description":"Official legal information and business details for GIATA GmbH. View our management, registry information, and contact details for our Berlin headquarters.","og_url":"https:\/\/www.giata.com\/de\/impressum\/","og_site_name":"GIATA","article_modified_time":"2026-01-21T15:13:59+00:00","twitter_card":"summary_large_image","twitter_misc":{"Gesch\u00e4tzte Lesezeit":"1\u00a0Minute"},"schema":{"@context":"https:\/\/schema.org","@graph":[{"@type":"WebPage","@id":"https:\/\/www.giata.com\/legal-notice\/","url":"https:\/\/www.giata.com\/legal-notice\/","name":"Rechtliche Hinweise | GIATA GmbH","isPartOf":{"@id":"https:\/\/www.giata.com\/#website"},"datePublished":"2025-12-01T12:01:56+00:00","dateModified":"2026-01-21T15:13:59+00:00","description":"Offizielle rechtliche Informationen und Gesch\u00e4ftsdaten der GIATA GmbH. Sehen Sie sich unsere Gesch\u00e4ftsf\u00fchrung, Registerinformationen und Kontaktdaten unserer Berliner Zentrale an.","breadcrumb":{"@id":"https:\/\/www.giata.com\/legal-notice\/#breadcrumb"},"inLanguage":"de","potentialAction":[{"@type":"ReadAction","target":["https:\/\/www.giata.com\/legal-notice\/"]}]},{"@type":"BreadcrumbList","@id":"https:\/\/www.giata.com\/legal-notice\/#breadcrumb","itemListElement":[{"@type":"ListItem","position":1,"name":"Home","item":"https:\/\/www.giata.com\/"},{"@type":"ListItem","position":2,"name":"Legal notice"}]},{"@type":"WebSite","@id":"https:\/\/www.giata.com\/#website","url":"https:\/\/www.giata.com\/","name":"GIATA","description":"Better data. Better travel.","potentialAction":[{"@type":"SearchAction","target":{"@type":"EntryPoint","urlTemplate":"https:\/\/www.giata.com\/?s={search_term_string}"},"query-input":{"@type":"PropertyValueSpecification","valueRequired":true,"valueName":"search_term_string"}}],"inLanguage":"de"},{"@type":"ImageObject","inLanguage":"de","@id":"https:\/\/www.giata.com\/legal-notice\/#local-main-organization-logo","url":"","contentUrl":"","caption":"GIATA"}]}},"_links":{"self":[{"href":"https:\/\/www.giata.com\/de\/wp-json\/wp\/v2\/pages\/49","targetHints":{"allow":["GET"]}}],"collection":[{"href":"https:\/\/www.giata.com\/de\/wp-json\/wp\/v2\/pages"}],"about":[{"href":"https:\/\/www.giata.com\/de\/wp-json\/wp\/v2\/types\/page"}],"author":[{"embeddable":true,"href":"https:\/\/www.giata.com\/de\/wp-json\/wp\/v2\/users\/2"}],"replies":[{"embeddable":true,"href":"https:\/\/www.giata.com\/de\/wp-json\/wp\/v2\/comments?post=49"}],"version-history":[{"count":3,"href":"https:\/\/www.giata.com\/de\/wp-json\/wp\/v2\/pages\/49\/revisions"}],"predecessor-version":[{"id":1630,"href":"https:\/\/www.giata.com\/de\/wp-json\/wp\/v2\/pages\/49\/revisions\/1630"}],"wp:attachment":[{"href":"https:\/\/www.giata.com\/de\/wp-json\/wp\/v2\/media?parent=49"}],"curies":[{"name":"wp","href":"https:\/\/api.w.org\/{rel}","templated":true}]}}