{"id":32,"date":"2025-12-01T12:50:30","date_gmt":"2025-12-01T11:50:30","guid":{"rendered":"https:\/\/relaunch26.giata.com\/?page_id=32"},"modified":"2026-04-09T11:35:33","modified_gmt":"2026-04-09T09:35:33","slug":"karriere","status":"publish","type":"page","link":"https:\/\/www.giata.com\/de\/careers\/","title":{"rendered":"Karriere"},"content":{"rendered":"<h2 class=\"wp-block-heading\" id=\"h-our-values-shape-our-work-our-culture-and-the-people-who-join-us\">Unsere Werte pr\u00e4gen unsere Arbeit, unsere Kultur und die Menschen, die zu uns kommen.<\/h2>\n\n\n\n<div class=\"wp-block-columns is-layout-flex wp-container-core-columns-is-layout-9d6595d7 wp-block-columns-is-layout-flex\">\n<div class=\"wp-block-column is-layout-flow wp-block-column-is-layout-flow\">\n<div class=\"wp-block-columns is-not-stacked-on-mobile is-layout-flex wp-container-core-columns-is-layout-9d6595d7 wp-block-columns-is-layout-flex\">\n<div class=\"wp-block-column is-layout-flow wp-block-column-is-layout-flow\">\n<p><strong><strong>Agilit\u00e4t mit Wirkung<\/strong><\/strong><\/p>\n\n\n\n<p>Wir handeln lieber smart und rechtzeitig, statt auf perfekte L\u00f6sungen zu warten. Mit klaren Entscheidungen und der Bereitschaft, stets zu optimieren, erzielen wir schneller sichtbare Ergebnisse. So reduzieren wir Komplexit\u00e4t, sparen wertvolle Zeit \u2013 und machen aus Fortschritt echte Leistungsst\u00e4rke.<\/p>\n<\/div>\n\n\n\n<div class=\"wp-block-column is-layout-flow wp-block-column-is-layout-flow\">\n<p><strong>Ein Umfeld, das tr\u00e4gt<\/strong><\/p>\n\n\n\n<p>Wir setzen auf Zusammenarbeit, bei der der Mensch an erster Stelle steht. Wenn du bei GIATA startest, kannst du dich auf unterst\u00fctzende Teamkolleg:innen, klare Kommunikation und eine Kultur verlassen, die Herausforderungen erkennt, bevor sie entstehen \u2013 damit du dich voll und ganz auf deine beste Arbeit konzentrieren kannst.<\/p>\n<\/div>\n<\/div>\n<\/div>\n\n\n\n<div class=\"wp-block-column is-layout-flow wp-block-column-is-layout-flow\">\n<div class=\"wp-block-columns is-not-stacked-on-mobile is-layout-flex wp-container-core-columns-is-layout-9d6595d7 wp-block-columns-is-layout-flex\">\n<div class=\"wp-block-column is-layout-flow wp-block-column-is-layout-flow\">\n<p><strong>Zukunft im Blick<\/strong><\/p>\n\n\n\n<p>Wir gestalten die n\u00e4chste \u00c4ra der Travel-Tech. Mit KI und moderner Infrastruktur im Kern unserer Arbeit tr\u00e4gst du dazu bei, L\u00f6sungen zu entwickeln, die die Branche nachhaltig voranbringen.<\/p>\n<\/div>\n\n\n\n<div class=\"wp-block-column is-layout-flow wp-block-column-is-layout-flow\">\n<p><strong><strong>Von unseren Kunden gepr\u00e4gt<\/strong>&nbsp;<\/strong><\/p>\n\n\n\n<p>Unsere Kunden sind eine wichtige Quelle f\u00fcr Ideen \u2013 und wir sch\u00e4tzen es, aus ihrem Feedback zu lernen. Bei GIATA arbeitest du eng mit Kunden zusammen, entwickelst gemeinsam mit ihnen L\u00f6sungen und verwandelst ihre Einblicke in noch smartere Produkte. So bleibst du jederzeit nah am echten Mehrwert deiner Arbeit.<\/p>\n<\/div>\n<\/div>\n<\/div>\n<\/div>\n\n\n\n<div class=\"wp-block-group alignfull has-light-grey-background-color has-background\"><div class=\"wp-block-group__inner-container is-layout-constrained wp-block-group-is-layout-constrained\">\n<h2 class=\"wp-block-heading\" id=\"h-open-positions\">Offene Stellen<\/h2>\n\n\n\n<p>Ihre digitale Zukunft beginnt hier.<\/p>\n\n\n\n<div style=\"height:15px\" aria-hidden=\"true\" class=\"wp-block-spacer\"><\/div>\n\n\n\n<div id=\"join-widget\" class=\"content-wrapper\">\n\t\t\t\t<script defer=\"\" type=\"text\/javascript\" data-mount-in=\"#join-widget\" src=\"https:\/\/join.com\/api\/widget\/bundle\/eyJhbGciOiJIUzI1NiIsInR5cCI6IkpXVCJ9.eyJzZXR0aW5ncyI6eyJzaG93Q2F0ZWdvcnlGaWx0ZXIiOnRydWUsInNob3dMb2NhdGlvbkZpbHRlciI6dHJ1ZSwic2hvd0VtcGxveW1lbnRUeXBlRmlsdGVyIjp0cnVlLCJsYW5ndWFnZSI6ImRlIiwiam9ic1BlclBhZ2UiOjV9LCJqb2JzIjp7ImNhdGVnb3J5SWRzIjpbXX0sImRlc2lnbiI6eyJzaG93TG9nbyI6ZmFsc2UsInNob3dMb2NhdGlvbiI6dHJ1ZSwic2hvd0VtcGxveW1lbnRUeXBlIjp0cnVlLCJzaG93Q2F0ZWdvcnkiOnRydWUsImNvbG9ycyI6eyJ3aWRnZXQiOnsiYmFja2dyb3VuZCI6IiNGRkZGRkYiLCJmaWx0ZXJCb3JkZXIiOiIjODg4ODg4IiwicGFnaW5hdGlvbiI6IiMzNTgyYmUifSwiam9iQ2FyZCI6eyJzaGFkb3ciOiIjRDBENERBIiwiYmFja2dyb3VuZCI6IiNGRkZGRkYiLCJwcmltYXJ5VGV4dCI6IiMzNTgyQkUiLCJzZWNvbmRhcnlUZXh0IjoiIzRBNEE0QSJ9fX0sInZlcnNpb24iOjIsImNvbXBhbnlQdWJsaWNJZCI6IjhhMzNiYWQwOWQ4OTY2YjY2YWZlNGE2NDBiMDFjZmQ4IiwiaWF0IjoxNjQ1MjAwNjkxLCJqdGkiOiJkYjk2NmZmNC01ODhjLTQ2ZTQtOTM1MC0zN2EzM2E2YzExNTYifQ.jMs8p__edxMRcawZGmsTDJ5x4vWCkRQEXFYCYcMJlF4\"><\/script>\n<\/div>\n<\/div><\/div>\n\n\n\n<div style=\"height:100px\" aria-hidden=\"true\" class=\"wp-block-spacer\"><\/div>\n\n\n\n<div class=\"wp-block-columns is-layout-flex wp-container-core-columns-is-layout-9d6595d7 wp-block-columns-is-layout-flex\">\n<div class=\"wp-block-column is-layout-flow wp-block-column-is-layout-flow\">\n<h2 class=\"wp-block-heading\" id=\"h-make-your-mark-on-travel-tech\">Gestalte die Zukunft der Travel-Tech mit<\/h2>\n\n\n\n<p>Bei GIATA verwandeln wir Daten in Entscheidungen, die Reiseerlebnisse weltweit pr\u00e4gen. Seit 1996 verbinden wir Pr\u00e4zision mit Zukunftsdenken und entwickeln Technologien, die Hotels, OTAs und Reiseveranstalter t\u00e4glich nutzen. Teil von GIATA zu werden bedeutet, an der Schnittstelle von Travel und Tech zu arbeiten \u2013 dort, wo deine Beitr\u00e4ge direkten Einfluss auf eine globale Branche haben. \n\nWir sch\u00e4tzen Neugier, Zusammenarbeit und motivierte K\u00f6pfe. Und wir suchen Menschen, die gemeinsam mit uns die Zukunft des Reisens gestalten wollen.<\/p>\n<\/div>\n\n\n\n<div class=\"wp-block-column is-layout-flow wp-block-column-is-layout-flow\" style=\"flex-basis:10%\"><\/div>\n\n\n\n<div class=\"wp-block-column is-layout-flow wp-block-column-is-layout-flow\">\n<figure class=\"wp-block-pullquote\"><blockquote><p>Der beste Weg, die Zukunft vorherzusagen, ist, sie zu erfinden.<\/p><cite><strong>Alan Kay<\/strong><\/cite><\/blockquote><\/figure>\n<\/div>\n<\/div>\n\n\n\n<div class=\"wp-block-media-text is-stacked-on-mobile\"><figure class=\"wp-block-media-text__media\"><img decoding=\"async\" width=\"906\" height=\"903\" src=\"https:\/\/d3gd9x5cnjm3r1.cloudfront.net\/wp-content\/uploads\/2026\/02\/website_career.png\" alt=\"\" class=\"wp-image-2520 size-full\"\/><\/figure><div class=\"wp-block-media-text__content\">\t<div class=\"numbers\" style=\"\">\n\t\t\t\t\t<div class=\"number-item number-item-span\">\n\t\t\t\t<div class=\"number\">\n\t\t\t\t\t100+\t\t\t\t<\/div>\n\t\t\t\t<h6>Mitarbeitende<\/h6>\n\t\t\t<\/div>\n\t\t\t\t\t<div class=\"number-item number-item-span\">\n\t\t\t\t<div class=\"number\">\n\t\t\t\t\t25\t\t\t\t<\/div>\n\t\t\t\t<h6>Nationalit\u00e4ten<\/h6>\n\t\t\t<\/div>\n\t\t\t<\/div>\n<\/div><\/div>\n\n\n\n<div style=\"height:100px\" aria-hidden=\"true\" class=\"wp-block-spacer\"><\/div>\n\n\n\n<div class=\"wp-block-media-text is-stacked-on-mobile\"><figure class=\"wp-block-media-text__media\"><img decoding=\"async\" width=\"906\" height=\"903\" src=\"https:\/\/d3gd9x5cnjm3r1.cloudfront.net\/wp-content\/uploads\/2026\/02\/website_career2.png\" alt=\"\" class=\"wp-image-2522 size-full\"\/><\/figure><div class=\"wp-block-media-text__content\">\n\n\n<h3 class=\"wp-block-heading\" id=\"h-tangible-bonuses\">Benefits<\/h3>\n\n\n\t<ul class=\"icon-list\">\n\t\t\t\t\t<li>\n\t\t\t\t<div class=\"icon-list-icon\">\n\t\t\t\t\t<?xml version=\"1.0\"?>\n<svg xmlns=\"http:\/\/www.w3.org\/2000\/svg\" width=\"40\" height=\"40\" viewbox=\"0 0 40 40\" fill=\"none\">\n<path d=\"M29.375 5H10.625L2.14502 16.3062L20 36.9088L37.855 16.3062L29.375 5ZM33.75 15H26.9425L22.255 7.5H28.125L33.75 15ZM12.8775 17.5L17.57 30.2875L6.48752 17.5H12.8775ZM15.54 17.5H24.46L19.9988 29.6513L15.54 17.5ZM16.0063 15L20 8.60875L23.995 15H16.0063ZM27.1225 17.5H33.5125L22.4288 30.2888L27.1225 17.5ZM11.875 7.5H17.745L13.0575 15H6.25002L11.875 7.5Z\" fill=\"#051819\"\/>\n<\/svg>\n\t\t\t\t<\/div>\n\t\t\t\t<div class=\"icon-list-text\">\n\t\t\t\t\t<strong>Bef\u00e4higung und Vertrauen:<\/strong><br>Ihr Erfolg liegt in Ihrer Hand, mit kreativer Freiheit<br>und Raum, um wirklich etwas zu bewirken.\t\t\t\t<\/div>\n\t\t\t<\/li>\n\t\t\t\t\t<li>\n\t\t\t\t<div class=\"icon-list-icon\">\n\t\t\t\t\t<?xml version=\"1.0\"?>\n<svg xmlns=\"http:\/\/www.w3.org\/2000\/svg\" width=\"40\" height=\"40\" viewbox=\"0 0 40 40\" fill=\"none\">\n<path d=\"M29.375 5H10.625L2.14502 16.3062L20 36.9088L37.855 16.3062L29.375 5ZM33.75 15H26.9425L22.255 7.5H28.125L33.75 15ZM12.8775 17.5L17.57 30.2875L6.48752 17.5H12.8775ZM15.54 17.5H24.46L19.9988 29.6513L15.54 17.5ZM16.0063 15L20 8.60875L23.995 15H16.0063ZM27.1225 17.5H33.5125L22.4288 30.2888L27.1225 17.5ZM11.875 7.5H17.745L13.0575 15H6.25002L11.875 7.5Z\" fill=\"#051819\"\/>\n<\/svg>\n\t\t\t\t<\/div>\n\t\t\t\t<div class=\"icon-list-text\">\n\t\t\t\t\t<strong>Stabilit\u00e4t und Flexibilit\u00e4t:<\/strong><br>Einen unbefristeten Arbeitsvertrag in einem zukunftsorientierten Unternehmen, flexible Arbeitszeiten und M\u00f6glichkeiten der Hybriden Arbeit.\t\t\t\t<\/div>\n\t\t\t<\/li>\n\t\t\t\t\t<li>\n\t\t\t\t<div class=\"icon-list-icon\">\n\t\t\t\t\t<?xml version=\"1.0\"?>\n<svg xmlns=\"http:\/\/www.w3.org\/2000\/svg\" width=\"40\" height=\"40\" viewbox=\"0 0 40 40\" fill=\"none\">\n<path d=\"M29.375 5H10.625L2.14502 16.3062L20 36.9088L37.855 16.3062L29.375 5ZM33.75 15H26.9425L22.255 7.5H28.125L33.75 15ZM12.8775 17.5L17.57 30.2875L6.48752 17.5H12.8775ZM15.54 17.5H24.46L19.9988 29.6513L15.54 17.5ZM16.0063 15L20 8.60875L23.995 15H16.0063ZM27.1225 17.5H33.5125L22.4288 30.2888L27.1225 17.5ZM11.875 7.5H17.745L13.0575 15H6.25002L11.875 7.5Z\" fill=\"#051819\"\/>\n<\/svg>\n\t\t\t\t<\/div>\n\t\t\t\t<div class=\"icon-list-text\">\n\t\t\t\t\t<strong>Arbeiten Sie von jedem Ort aus:<\/strong><br>Bis zu 4 Wochen Fernarbeit von einem beliebigen Standort aus<br>pro Jahr.\t\t\t\t<\/div>\n\t\t\t<\/li>\n\t\t\t\t\t<li>\n\t\t\t\t<div class=\"icon-list-icon\">\n\t\t\t\t\t<?xml version=\"1.0\"?>\n<svg xmlns=\"http:\/\/www.w3.org\/2000\/svg\" width=\"40\" height=\"40\" viewbox=\"0 0 40 40\" fill=\"none\">\n<path d=\"M29.375 5H10.625L2.14502 16.3062L20 36.9088L37.855 16.3062L29.375 5ZM33.75 15H26.9425L22.255 7.5H28.125L33.75 15ZM12.8775 17.5L17.57 30.2875L6.48752 17.5H12.8775ZM15.54 17.5H24.46L19.9988 29.6513L15.54 17.5ZM16.0063 15L20 8.60875L23.995 15H16.0063ZM27.1225 17.5H33.5125L22.4288 30.2888L27.1225 17.5ZM11.875 7.5H17.745L13.0575 15H6.25002L11.875 7.5Z\" fill=\"#051819\"\/>\n<\/svg>\n\t\t\t\t<\/div>\n\t\t\t\t<div class=\"icon-list-text\">\n\t\t\t\t\t<strong>Lifestyle-Vorteile:<\/strong><br>BVG-Deutschland-Ticket, Mitgliedschaft im Urban Sports Club und Essenszusch\u00fcsse.\t\t\t\t<\/div>\n\t\t\t<\/li>\n\t\t\t\t\t<li>\n\t\t\t\t<div class=\"icon-list-icon\">\n\t\t\t\t\t<?xml version=\"1.0\"?>\n<svg xmlns=\"http:\/\/www.w3.org\/2000\/svg\" width=\"40\" height=\"40\" viewbox=\"0 0 40 40\" fill=\"none\">\n<path d=\"M29.375 5H10.625L2.14502 16.3062L20 36.9088L37.855 16.3062L29.375 5ZM33.75 15H26.9425L22.255 7.5H28.125L33.75 15ZM12.8775 17.5L17.57 30.2875L6.48752 17.5H12.8775ZM15.54 17.5H24.46L19.9988 29.6513L15.54 17.5ZM16.0063 15L20 8.60875L23.995 15H16.0063ZM27.1225 17.5H33.5125L22.4288 30.2888L27.1225 17.5ZM11.875 7.5H17.745L13.0575 15H6.25002L11.875 7.5Z\" fill=\"#051819\"\/>\n<\/svg>\n\t\t\t\t<\/div>\n\t\t\t\t<div class=\"icon-list-text\">\n\t\t\t\t\t<strong>Verg\u00fcnstigungen f\u00fcr die Reisebranche:<\/strong><br>DRV Card und exklusive Reiseverg\u00fcnstigungen.\t\t\t\t<\/div>\n\t\t\t<\/li>\n\t\t\t\t\t<li>\n\t\t\t\t<div class=\"icon-list-icon\">\n\t\t\t\t\t<?xml version=\"1.0\"?>\n<svg xmlns=\"http:\/\/www.w3.org\/2000\/svg\" width=\"40\" height=\"40\" viewbox=\"0 0 40 40\" fill=\"none\">\n<path d=\"M29.375 5H10.625L2.14502 16.3062L20 36.9088L37.855 16.3062L29.375 5ZM33.75 15H26.9425L22.255 7.5H28.125L33.75 15ZM12.8775 17.5L17.57 30.2875L6.48752 17.5H12.8775ZM15.54 17.5H24.46L19.9988 29.6513L15.54 17.5ZM16.0063 15L20 8.60875L23.995 15H16.0063ZM27.1225 17.5H33.5125L22.4288 30.2888L27.1225 17.5ZM11.875 7.5H17.745L13.0575 15H6.25002L11.875 7.5Z\" fill=\"#051819\"\/>\n<\/svg>\n\t\t\t\t<\/div>\n\t\t\t\t<div class=\"icon-list-text\">\n\t\t\t\t\t<strong>Innovationskultur:<\/strong><br>Werden Sie Teil eines Teams, das Automatisierung und KI einsetzt, um die n\u00e4chste Generation von Reisedaten zu gestalten<br>Technologie.\t\t\t\t<\/div>\n\t\t\t<\/li>\n\t\t\t<\/ul>\n<\/div><\/div>\n\n\n\n<div style=\"height:100px\" aria-hidden=\"true\" class=\"wp-block-spacer\"><\/div>\n\n\n\n<div class=\"wp-block-group alignfull has-light-grey-background-color has-background\"><div class=\"wp-block-group__inner-container is-layout-constrained wp-block-group-is-layout-constrained\">\n<div style=\"height:100px\" aria-hidden=\"true\" class=\"wp-block-spacer\"><\/div>\n\n\n\n<h2 class=\"wp-block-heading\" id=\"h-your-journey-to-giata\">Ihre Reise zu GIATA<\/h2>\n\n\n\n<div class=\"wp-block-columns is-layout-flex wp-container-core-columns-is-layout-9d6595d7 wp-block-columns-is-layout-flex\">\n<div class=\"wp-block-column is-layout-flow wp-block-column-is-layout-flow\">\n<div class=\"wp-block-columns is-not-stacked-on-mobile is-layout-flex wp-container-core-columns-is-layout-9d6595d7 wp-block-columns-is-layout-flex\">\n<div class=\"wp-block-column is-layout-flow wp-block-column-is-layout-flow\">\n<p><strong>Unser Ansatz<\/strong><\/p>\n\n\n\n<p>Wir glauben an Freiheit kombiniert mit Verantwortung, an mutige Ideen statt Hierarchien \u2013 und daran, schnell genug zu handeln, um schon heute Wirkung zu erzielen, nicht erst morgen.<\/p>\n\n\n\n<p>Wir suchen nicht nur Erfahrung. Wir suchen Neugier, Bescheidenheit, Mut und den echten Wunsch, die Zukunft der Travel-Tech aktiv mitzugestalten.<\/p>\n<\/div>\n\n\n\n<div class=\"wp-block-column is-layout-flow wp-block-column-is-layout-flow\">\n<p><strong>Interview mit dem GIATA People Team<\/strong><\/p>\n\n\n\n<p>Unser Bewerbungsprozess ist bewusst einfach und menschlich gestaltet. Er beginnt mit einem Screening deines Lebenslaufs durch unser People Team, im Idealfall gefolgt von einem etwa 30min\u00fctigen virtuellen Gespr\u00e4ch \u2013 mit Fokus auf Mindset, Zusammenarbeit und dem, was dich wirklich motiviert.<\/p>\n\n\n\n<p>Dabei erz\u00e4hlen wir dir auch mehr \u00fcber GIATA, unsere Kultur und dar\u00fcber, wie es ist, in einem Unternehmen zu arbeiten, das auf Daten, Vertrauen und Zukunftsorientierung aufgebaut ist.<\/p>\n<\/div>\n<\/div>\n<\/div>\n\n\n\n<div class=\"wp-block-column is-layout-flow wp-block-column-is-layout-flow\">\n<div class=\"wp-block-columns is-not-stacked-on-mobile is-layout-flex wp-container-core-columns-is-layout-9d6595d7 wp-block-columns-is-layout-flex\">\n<div class=\"wp-block-column is-layout-flow wp-block-column-is-layout-flow\">\n<p><strong>Interview mit dem Teamleiter<\/strong><\/p>\n\n\n\n<p>Wenn es f\u00fcr beide Seiten nach einem guten Match aussieht, laden wir dich zu einem Gespr\u00e4ch mit deiner zuk\u00fcnftigen F\u00fchrungskraft in unserem B\u00fcro ein. Dieses Gespr\u00e4ch dauert in der Regel etwa eine Stunde und konzentriert sich auf die Rolle, Verantwortlichkeiten, Erwartungen und darauf, wie deine St\u00e4rken zur Zielerreichung des Teams beitragen k\u00f6nnen.<\/p>\n\n\n\n<p>Je nach Position schauen wir uns eventuell auch eine kleine praktische Aufgabe gemeinsam an oder laden eine weitere Person (Kolleg:In) in unser Gespr\u00e4ch mit ein.<\/p>\n<\/div>\n\n\n\n<div class=\"wp-block-column is-layout-flow wp-block-column-is-layout-flow\">\n<p><strong>Feedback und Angebot<\/strong><\/p>\n\n\n\n<p>Oft geben wir dir bereits im Gespr\u00e4ch einen ersten Eindruck davon, wie wir den Austausch erlebt haben und wie es weitergehen k\u00f6nnte.<br>Nach unserem gemeinsamen Gespr\u00e4ch stimmen wir uns intern ab und wenn es f\u00fcr beide Seiten gut passt, besprechen wir im Anschluss die m\u00f6glichen n\u00e4chsten Schritte.<\/p>\n\n\n\n<p>In diesem Fall erh\u00e4ltst du ein strukturiertes Angebot mit allen relevanten Informationen zur Rolle und zum weiteren Ablauf.<\/p>\n\n\n\n<p>Unser Ziel im gesamten Prozess ist es, einen offenen und angenehmen Austausch zu erm\u00f6glichen, der beiden Seiten Orientierung gibt und hilft herauszufinden, ob unsere Werte und deine Vorstellungen zueinander passen k\u00f6nnten.<\/p>\n<\/div>\n<\/div>\n<\/div>\n<\/div>\n<\/div><\/div>\n\n\n\n<div style=\"height:100px\" aria-hidden=\"true\" class=\"wp-block-spacer\"><\/div>\n\n\n\n<div class=\"wp-block-media-text has-media-on-the-right is-stacked-on-mobile has-primary-background-color has-background\"><div class=\"wp-block-media-text__content\">\n<div class=\"wp-block-columns is-layout-flex wp-container-core-columns-is-layout-9d6595d7 wp-block-columns-is-layout-flex\">\n<div class=\"wp-block-column is-layout-flow wp-block-column-is-layout-flow\" style=\"flex-basis:10%\"><\/div>\n\n\n\n<div class=\"wp-block-column is-layout-flow wp-block-column-is-layout-flow\" style=\"flex-basis:66.66%\">\n<div class=\"wp-block-group\"><div class=\"wp-block-group__inner-container is-layout-constrained wp-block-group-is-layout-constrained\">\n<h3 class=\"wp-block-heading\" id=\"h-follow-us-on-linkedin\">Folge uns auf LinkedIn<\/h3>\n\n\n\n<p>und erfahre, wie wir die Zukunft der TravelTech gestalten \u2013 und welche M\u00f6glichkeiten sich f\u00fcr deine Karriere an der Schnittstelle von Daten und Reisen er\u00f6ffnen.<\/p>\n\n\n\n<p><a href=\"https:\/\/www.linkedin.com\/company\/giata-gmbh\" target=\"_blank\" rel=\"noreferrer noopener\" class=\"arrow-link-up\">Folge uns<\/a><\/p>\n<\/div><\/div>\n<\/div>\n<\/div>\n<\/div><figure class=\"wp-block-media-text__media\"><img decoding=\"async\" width=\"906\" height=\"903\" src=\"https:\/\/d3gd9x5cnjm3r1.cloudfront.net\/wp-content\/uploads\/2026\/02\/website_career3-1.png\" alt=\"\" class=\"wp-image-2524 size-full\"\/><\/figure><\/div>\n\n\n\n<div style=\"height:100px\" aria-hidden=\"true\" class=\"wp-block-spacer\"><\/div>","protected":false},"excerpt":{"rendered":"<p>Unsere Werte pr\u00e4gen unsere Arbeit, unsere Kultur und die Menschen, die zu uns kommen.<\/p>","protected":false},"author":2,"featured_media":0,"parent":0,"menu_order":21,"comment_status":"closed","ping_status":"closed","template":"","meta":{"_acf_changed":false,"content-type":"","footnotes":""},"class_list":["post-32","page","type-page","status-publish","format-standard","hentry"],"acf":[],"yoast_head":"<!-- This site is optimized with the Yoast SEO Premium plugin v27.4 (Yoast SEO v27.4) - https:\/\/yoast.com\/product\/yoast-seo-premium-wordpress\/ -->\n<title>Careers - GIATA<\/title>\n<meta name=\"robots\" content=\"index, follow, max-snippet:-1, max-image-preview:large, max-video-preview:-1\" \/>\n<link rel=\"canonical\" href=\"https:\/\/www.giata.com\/de\/karriere\/\" \/>\n<meta property=\"og:locale\" content=\"de_DE\" \/>\n<meta property=\"og:type\" content=\"article\" \/>\n<meta property=\"og:title\" content=\"Careers\" \/>\n<meta property=\"og:description\" content=\"Our values shape our work, our culture, and the people who join us.\" \/>\n<meta property=\"og:url\" content=\"https:\/\/www.giata.com\/de\/karriere\/\" \/>\n<meta property=\"og:site_name\" content=\"GIATA\" \/>\n<meta property=\"article:modified_time\" content=\"2026-04-09T09:35:33+00:00\" \/>\n<meta property=\"og:image\" content=\"https:\/\/d3gd9x5cnjm3r1.cloudfront.net\/wp-content\/uploads\/2026\/02\/website_career.png\" \/>\n\t<meta property=\"og:image:width\" content=\"906\" \/>\n\t<meta property=\"og:image:height\" content=\"903\" \/>\n\t<meta property=\"og:image:type\" content=\"image\/png\" \/>\n<meta name=\"twitter:card\" content=\"summary_large_image\" \/>\n<meta name=\"twitter:label1\" content=\"Gesch\u00e4tzte Lesezeit\" \/>\n\t<meta name=\"twitter:data1\" content=\"4\u00a0Minuten\" \/>\n<script type=\"application\/ld+json\" class=\"yoast-schema-graph\">{\"@context\":\"https:\\\/\\\/schema.org\",\"@graph\":[{\"@type\":\"WebPage\",\"@id\":\"https:\\\/\\\/www.giata.com\\\/careers\\\/\",\"url\":\"https:\\\/\\\/www.giata.com\\\/careers\\\/\",\"name\":\"Careers - GIATA\",\"isPartOf\":{\"@id\":\"https:\\\/\\\/www.giata.com\\\/#website\"},\"primaryImageOfPage\":{\"@id\":\"https:\\\/\\\/www.giata.com\\\/careers\\\/#primaryimage\"},\"image\":{\"@id\":\"https:\\\/\\\/www.giata.com\\\/careers\\\/#primaryimage\"},\"thumbnailUrl\":\"https:\\\/\\\/www.giata.com\\\/wp-content\\\/uploads\\\/2026\\\/02\\\/website_career.png\",\"datePublished\":\"2025-12-01T11:50:30+00:00\",\"dateModified\":\"2026-04-09T09:35:33+00:00\",\"breadcrumb\":{\"@id\":\"https:\\\/\\\/www.giata.com\\\/careers\\\/#breadcrumb\"},\"inLanguage\":\"de\",\"potentialAction\":[{\"@type\":\"ReadAction\",\"target\":[\"https:\\\/\\\/www.giata.com\\\/careers\\\/\"]}]},{\"@type\":\"ImageObject\",\"inLanguage\":\"de\",\"@id\":\"https:\\\/\\\/www.giata.com\\\/careers\\\/#primaryimage\",\"url\":\"https:\\\/\\\/www.giata.com\\\/wp-content\\\/uploads\\\/2026\\\/02\\\/website_career.png\",\"contentUrl\":\"https:\\\/\\\/www.giata.com\\\/wp-content\\\/uploads\\\/2026\\\/02\\\/website_career.png\"},{\"@type\":\"BreadcrumbList\",\"@id\":\"https:\\\/\\\/www.giata.com\\\/careers\\\/#breadcrumb\",\"itemListElement\":[{\"@type\":\"ListItem\",\"position\":1,\"name\":\"Home\",\"item\":\"https:\\\/\\\/www.giata.com\\\/\"},{\"@type\":\"ListItem\",\"position\":2,\"name\":\"Careers\"}]},{\"@type\":\"WebSite\",\"@id\":\"https:\\\/\\\/www.giata.com\\\/#website\",\"url\":\"https:\\\/\\\/www.giata.com\\\/\",\"name\":\"GIATA\",\"description\":\"Better data. Better travel.\",\"potentialAction\":[{\"@type\":\"SearchAction\",\"target\":{\"@type\":\"EntryPoint\",\"urlTemplate\":\"https:\\\/\\\/www.giata.com\\\/?s={search_term_string}\"},\"query-input\":{\"@type\":\"PropertyValueSpecification\",\"valueRequired\":true,\"valueName\":\"search_term_string\"}}],\"inLanguage\":\"de\"},{\"@type\":\"ImageObject\",\"inLanguage\":\"de\",\"@id\":\"https:\\\/\\\/www.giata.com\\\/careers\\\/#local-main-organization-logo\",\"url\":\"\",\"contentUrl\":\"\",\"caption\":\"GIATA\"}]}<\/script>\n<!-- \/ Yoast SEO Premium plugin. -->","yoast_head_json":{"title":"Karriere - GIATA","robots":{"index":"index","follow":"follow","max-snippet":"max-snippet:-1","max-image-preview":"max-image-preview:large","max-video-preview":"max-video-preview:-1"},"canonical":"https:\/\/www.giata.com\/de\/karriere\/","og_locale":"de_DE","og_type":"article","og_title":"Careers","og_description":"Our values shape our work, our culture, and the people who join us.","og_url":"https:\/\/www.giata.com\/de\/karriere\/","og_site_name":"GIATA","article_modified_time":"2026-04-09T09:35:33+00:00","og_image":[{"width":906,"height":903,"url":"https:\/\/d3gd9x5cnjm3r1.cloudfront.net\/wp-content\/uploads\/2026\/02\/website_career.png","type":"image\/png"}],"twitter_card":"summary_large_image","twitter_misc":{"Gesch\u00e4tzte Lesezeit":"4\u00a0Minuten"},"schema":{"@context":"https:\/\/schema.org","@graph":[{"@type":"WebPage","@id":"https:\/\/www.giata.com\/careers\/","url":"https:\/\/www.giata.com\/careers\/","name":"Karriere - GIATA","isPartOf":{"@id":"https:\/\/www.giata.com\/#website"},"primaryImageOfPage":{"@id":"https:\/\/www.giata.com\/careers\/#primaryimage"},"image":{"@id":"https:\/\/www.giata.com\/careers\/#primaryimage"},"thumbnailUrl":"https:\/\/d3gd9x5cnjm3r1.cloudfront.net\/wp-content\/uploads\/2026\/02\/website_career.png","datePublished":"2025-12-01T11:50:30+00:00","dateModified":"2026-04-09T09:35:33+00:00","breadcrumb":{"@id":"https:\/\/www.giata.com\/careers\/#breadcrumb"},"inLanguage":"de","potentialAction":[{"@type":"ReadAction","target":["https:\/\/www.giata.com\/careers\/"]}]},{"@type":"ImageObject","inLanguage":"de","@id":"https:\/\/www.giata.com\/careers\/#primaryimage","url":"https:\/\/d3gd9x5cnjm3r1.cloudfront.net\/wp-content\/uploads\/2026\/02\/website_career.png","contentUrl":"https:\/\/d3gd9x5cnjm3r1.cloudfront.net\/wp-content\/uploads\/2026\/02\/website_career.png"},{"@type":"BreadcrumbList","@id":"https:\/\/www.giata.com\/careers\/#breadcrumb","itemListElement":[{"@type":"ListItem","position":1,"name":"Home","item":"https:\/\/www.giata.com\/"},{"@type":"ListItem","position":2,"name":"Careers"}]},{"@type":"WebSite","@id":"https:\/\/www.giata.com\/#website","url":"https:\/\/www.giata.com\/","name":"GIATA","description":"Better data. Better travel.","potentialAction":[{"@type":"SearchAction","target":{"@type":"EntryPoint","urlTemplate":"https:\/\/www.giata.com\/?s={search_term_string}"},"query-input":{"@type":"PropertyValueSpecification","valueRequired":true,"valueName":"search_term_string"}}],"inLanguage":"de"},{"@type":"ImageObject","inLanguage":"de","@id":"https:\/\/www.giata.com\/careers\/#local-main-organization-logo","url":"","contentUrl":"","caption":"GIATA"}]}},"_links":{"self":[{"href":"https:\/\/www.giata.com\/de\/wp-json\/wp\/v2\/pages\/32","targetHints":{"allow":["GET"]}}],"collection":[{"href":"https:\/\/www.giata.com\/de\/wp-json\/wp\/v2\/pages"}],"about":[{"href":"https:\/\/www.giata.com\/de\/wp-json\/wp\/v2\/types\/page"}],"author":[{"embeddable":true,"href":"https:\/\/www.giata.com\/de\/wp-json\/wp\/v2\/users\/2"}],"replies":[{"embeddable":true,"href":"https:\/\/www.giata.com\/de\/wp-json\/wp\/v2\/comments?post=32"}],"version-history":[{"count":40,"href":"https:\/\/www.giata.com\/de\/wp-json\/wp\/v2\/pages\/32\/revisions"}],"predecessor-version":[{"id":2897,"href":"https:\/\/www.giata.com\/de\/wp-json\/wp\/v2\/pages\/32\/revisions\/2897"}],"wp:attachment":[{"href":"https:\/\/www.giata.com\/de\/wp-json\/wp\/v2\/media?parent=32"}],"curies":[{"name":"wp","href":"https:\/\/api.w.org\/{rel}","templated":true}]}}