{"id":26,"date":"2025-12-01T12:47:01","date_gmt":"2025-12-01T11:47:01","guid":{"rendered":"https:\/\/relaunch26.giata.com\/?page_id=26"},"modified":"2026-04-16T13:48:29","modified_gmt":"2026-04-16T11:48:29","slug":"success-stories","status":"publish","type":"page","link":"https:\/\/www.giata.com\/de\/client-stories\/","title":{"rendered":"Kundengeschichten"},"content":{"rendered":"<div class=\"client-stories-player\">\n\t<div class=\"client-stories-player-nav\">\n\t\t\t\t\t<a class=\"client-story-user\" data-nav-index=\"0\">\n\t\t\t\t<span class=\"indicator\"><\/span>\n\t\t\t\t\t\t\t\t\t<img decoding=\"async\" src=\"https:\/\/d3gd9x5cnjm3r1.cloudfront.net\/wp-content\/uploads\/2026\/02\/1756334190422.jpeg\" \/>\n\t\t\t\t\t\t\t\t<div>\n\t\t\t\t\t<small>Anschauen<\/small>\n\t\t\t\t\t<strong>Gaetano Scancarello<\/strong>\n\t\t\t\t\tSenior Marketing Manager\t\t\t\t<\/div>\n\t\t\t<\/a>\n\t\t\t\t\t<a class=\"client-story-user\" data-nav-index=\"1\">\n\t\t\t\t<span class=\"indicator\"><\/span>\n\t\t\t\t\t\t\t\t\t<img decoding=\"async\" src=\"https:\/\/d3gd9x5cnjm3r1.cloudfront.net\/wp-content\/uploads\/2026\/03\/vincci_logo.png\" \/>\n\t\t\t\t\t\t\t\t<div>\n\t\t\t\t\t<small>Anschauen<\/small>\n\t\t\t\t\t<strong>Vincci Hoteles<\/strong>\n\t\t\t\t\t\t\t\t\t<\/div>\n\t\t\t<\/a>\n\t\t\t\t\t<a class=\"client-story-user\" data-nav-index=\"2\">\n\t\t\t\t<span class=\"indicator\"><\/span>\n\t\t\t\t\t\t\t\t\t<img decoding=\"async\" src=\"https:\/\/d3gd9x5cnjm3r1.cloudfront.net\/wp-content\/uploads\/2026\/02\/1768163023496.jpeg\" \/>\n\t\t\t\t\t\t\t\t<div>\n\t\t\t\t\t<small>Anschauen<\/small>\n\t\t\t\t\t<strong>Alejandro Carbajo<\/strong>\n\t\t\t\t\tHead of Product\t\t\t\t<\/div>\n\t\t\t<\/a>\n\t\t\t<\/div>\n\t<div class=\"client-stories-player-slider\" id=\"client-stories-player-slider\">\n\t<div class=\"teaser client-story-full\">\n\t<div class=\"teaser-image\">\n\t\t\t\t<div class=\"teaser-content\">\n\t\t\t\t\t\t\t<img decoding=\"async\" width=\"1024\" height=\"768\" src=\"https:\/\/d3gd9x5cnjm3r1.cloudfront.net\/wp-content\/uploads\/2026\/01\/Mangias-Santa-Teresa-Sardinia.jpg\" class=\"teaser-bg-image teaser-bg-image-opacity-60 wp-post-image\" alt=\"\" \/>\t\t\t\t\t\t<div class=\"teaser-top-left\">\n\t\t\t\t\t\t\t<\/div>\n\t\t\t<div class=\"teaser-bottom-left\">\n\t\t\t\t<div class=\"teaser-text-bottom\">\n\t\t\t\t\t<blockquote><p>Zuverl\u00e4ssig, effizient und skalierbar \u2013 GIATA ist ein zentraler Partner auf unserem Weg des digitalen Wachstums.<\/p><\/blockquote>\n\t\t\t\t<\/div>\n\t\t\t\t<div class=\"d-flex justify-content-between align-items-end gap-2\">\n\t\t\t\t\t\t\t\t\t\t\t<img decoding=\"async\" class=\"teaser-logo teaser-logo-white\" src=\"https:\/\/d3gd9x5cnjm3r1.cloudfront.net\/wp-content\/uploads\/2026\/03\/managias_logo_white_png.png\" \/>\n\t\t\t\t\t\t\t\t\t\t\t\t\t\t\t\t<a class=\"btn btn-primary\" href=\"https:\/\/www.giata.com\/de\/client_story\/mangias-hotel-efficiency-success-2\/\">Weiterlesen<\/a>\n\t\t\t\t\t\t\t\t\t<\/div>\n\t\t\t<\/div>\n\t\t\t\t\t<\/div>\n\t<\/div>\n<\/div><div class=\"teaser client-story-full\">\n\t<div class=\"teaser-image\">\n\t\t\t\t<div class=\"teaser-content\">\n\t\t\t\t\t\t\t<img decoding=\"async\" width=\"1991\" height=\"1494\" src=\"https:\/\/d3gd9x5cnjm3r1.cloudfront.net\/wp-content\/uploads\/2026\/02\/website-1.png\" class=\"teaser-bg-image teaser-bg-image-opacity-60 wp-post-image\" alt=\"\" \/>\t\t\t\t\t\t<div class=\"teaser-top-left\">\n\t\t\t\t\t\t\t<\/div>\n\t\t\t<div class=\"teaser-bottom-left\">\n\t\t\t\t<div class=\"teaser-text-bottom\">\n\t\t\t\t\t<blockquote><p>Wir haben viel Zeit eingespart und die Fehleranf\u00e4lligkeit deutlich reduziert. Unsere Prozesse sind heute deutlich effizienter und strukturierter.<\/p><\/blockquote>\n\t\t\t\t<\/div>\n\t\t\t\t<div class=\"d-flex justify-content-between align-items-end gap-2\">\n\t\t\t\t\t\t\t\t\t\t\t<img decoding=\"async\" class=\"teaser-logo teaser-logo-white\" src=\"https:\/\/d3gd9x5cnjm3r1.cloudfront.net\/wp-content\/uploads\/2025\/12\/logo-vincci.png\" \/>\n\t\t\t\t\t\t\t\t\t\t\t\t\t\t\t\t<a class=\"btn btn-primary\" href=\"https:\/\/www.giata.com\/de\/client_story\/vincci-hoteles-content-case-study\/\">Weiterlesen<\/a>\n\t\t\t\t\t\t\t\t\t<\/div>\n\t\t\t<\/div>\n\t\t\t\t\t<\/div>\n\t<\/div>\n<\/div><div class=\"teaser client-story-full\">\n\t<div class=\"teaser-image\">\n\t\t\t\t<div class=\"teaser-content\">\n\t\t\t\t\t\t\t<img decoding=\"async\" width=\"1991\" height=\"1494\" src=\"https:\/\/d3gd9x5cnjm3r1.cloudfront.net\/wp-content\/uploads\/2026\/02\/suntransfer_giata_2.png\" class=\"teaser-bg-image teaser-bg-image-opacity-60 wp-post-image\" alt=\"\" \/>\t\t\t\t\t\t<div class=\"teaser-top-left\">\n\t\t\t\t\t\t\t<\/div>\n\t\t\t<div class=\"teaser-bottom-left\">\n\t\t\t\t<div class=\"teaser-text-bottom\">\n\t\t\t\t\t<blockquote><p>GIATA hat sofort Mehrwert geschaffen, weil viele unserer Partner es bereits nutzten \u2013 das reduzierte Reibungsverluste beim Mapping. Die Integration verlief reibungslos und erm\u00f6glichte es uns, Hunderttausende Hotels nahezu sofort abzugleichen.<\/p><\/blockquote>\n\t\t\t\t<\/div>\n\t\t\t\t<div class=\"d-flex justify-content-between align-items-end gap-2\">\n\t\t\t\t\t\t\t\t\t\t\t<img decoding=\"async\" class=\"teaser-logo teaser-logo-white\" src=\"https:\/\/d3gd9x5cnjm3r1.cloudfront.net\/wp-content\/uploads\/2026\/01\/suntransfers_bw.png\" \/>\n\t\t\t\t\t\t\t\t\t\t\t\t\t\t\t\t<a class=\"btn btn-primary\" href=\"https:\/\/www.giata.com\/de\/client_story\/suntransfers-hotel-mapping-success\/\">Weiterlesen<\/a>\n\t\t\t\t\t\t\t\t\t<\/div>\n\t\t\t<\/div>\n\t\t\t\t\t<\/div>\n\t<\/div>\n<\/div>\t<\/div>\n<\/div>\n\n\n<div style=\"height:100px\" aria-hidden=\"true\" class=\"wp-block-spacer\"><\/div>\n\n\n<div class=\"client-stories\">\n\t<div class=\"client-stories-grid client-stories-grid-3\">\n\t\t<div class=\"teaser client-story client-story-small\">\n\t<div class=\"teaser-image\">\n\t\t<div class=\"teaser-content\">\n\t\t\t<img decoding=\"async\" width=\"1600\" height=\"1200\" src=\"https:\/\/d3gd9x5cnjm3r1.cloudfront.net\/wp-content\/uploads\/2026\/01\/zafiro-giata.jpg\" class=\"teaser-bg-image teaser-bg-image-opacity-60 wp-post-image\" alt=\"\" \/>\t\t\t<div class=\"teaser-top-left\">\n\t\t\t\t\t\t\t\t\t<img decoding=\"async\" class=\"teaser-logo\" src=\"https:\/\/d3gd9x5cnjm3r1.cloudfront.net\/wp-content\/uploads\/2026\/01\/logoRGB_Coated-LogotipoPositivo-ZafiroHotels-5.png\" \/>\n\t\t\t\t\t\t\t\t<div class=\"teaser-text-top\"><blockquote><p>Die manuelle Pflege von Beschreibungen, Bildern, Ausstattungsmerkmalen und Updates kostete viel Zeit und erh\u00f6hte die Fehleranf\u00e4lligkeit. Das wirkte sich potenziell auf Sichtbarkeit, Conversion und insbesondere auf das G\u00e4steerlebnis vor der Anreise aus.<\/p><\/blockquote><\/div>\t\t\t<\/div>\n\t\t\t<div class=\"teaser-button\">\n\t\t\t\t\t\t\t\t\t<a class=\"btn btn-primary\" href=\"https:\/\/www.giata.com\/de\/client_story\/zafiro-hotels-automation-success\/\">Weiterlesen<\/a>\n\t\t\t\t\t\t\t<\/div>\n\t\t\t<div class=\"teaser-bottom-left\">\n\t\t\t\t<div class=\"teaser-text-bottom\">\n\t\t\t\t\t\t\t\t\t\t<div class=\"client-story-user\">\n\t\t\t\t\t\t\t\t\t\t\t\t<div>\n\t\t\t\t\t\t\t<strong>Zafiro Hotels<\/strong>\n\t\t\t\t\t\t\t\t\t\t\t\t\t<\/div>\n\t\t\t\t\t<\/div>\n\t\t\t\t<\/div>\n\t\t\t<\/div>\n\t\t\t\t\t\t\t\t<\/div>\n\t<\/div>\n<\/div><div class=\"teaser client-story client-story-medium\">\n\t<div class=\"teaser-image\">\n\t\t<div class=\"teaser-content\">\n\t\t\t<img decoding=\"async\" width=\"4096\" height=\"2731\" src=\"https:\/\/d3gd9x5cnjm3r1.cloudfront.net\/wp-content\/uploads\/2025\/12\/content_image_2.jpg\" class=\"teaser-bg-image teaser-bg-image-opacity-60 wp-post-image\" alt=\"\" \/>\t\t\t<div class=\"teaser-top-left\">\n\t\t\t\t\t\t\t\t\t<img decoding=\"async\" class=\"teaser-logo\" src=\"https:\/\/d3gd9x5cnjm3r1.cloudfront.net\/wp-content\/uploads\/2025\/12\/L_122114_cdv-vuelos-hoteles-y-trenes-para-agencias-de-viaje-en-una-sola-plataforma.png\" \/>\n\t\t\t\t\t\t\t\t<div class=\"teaser-text-top\"><blockquote><p>Mit GIATA k\u00f6nnen unsere Kunden sofort die besten Preise f\u00fcr alle Zimmerkategorien ermitteln \u2013 das bringt Klarheit, Schnelligkeit und Verkaufsleistung.<\/p><\/blockquote><\/div>\t\t\t<\/div>\n\t\t\t<div class=\"teaser-button\">\n\t\t\t\t\t\t\t<\/div>\n\t\t\t<div class=\"teaser-bottom-left\">\n\t\t\t\t<div class=\"teaser-text-bottom\">\n\t\t\t\t\t\t\t\t\t\t<div class=\"client-story-user\">\n\t\t\t\t\t\t\t\t\t\t\t\t<div>\n\t\t\t\t\t\t\t<strong>Pepe Portas<\/strong>\n\t\t\t\t\t\t\tGlobal Distribution Director\t\t\t\t\t\t<\/div>\n\t\t\t\t\t<\/div>\n\t\t\t\t<\/div>\n\t\t\t<\/div>\n\t\t\t\t\t\t\t\t<\/div>\n\t<\/div>\n<\/div><div class=\"teaser client-story client-story-large\">\n\t<div class=\"teaser-image\">\n\t\t<div class=\"teaser-content\">\n\t\t\t<img decoding=\"async\" width=\"1920\" height=\"1279\" src=\"https:\/\/d3gd9x5cnjm3r1.cloudfront.net\/wp-content\/uploads\/2026\/03\/ZEUS.jpg\" class=\"teaser-bg-image teaser-bg-image-opacity-60 wp-post-image\" alt=\"\" \/>\t\t\t<div class=\"teaser-top-left\">\n\t\t\t\t\t\t\t\t\t<img decoding=\"async\" class=\"teaser-logo\" src=\"https:\/\/d3gd9x5cnjm3r1.cloudfront.net\/wp-content\/uploads\/2026\/02\/Zeus_HOTELS-RESORTS-LOGO.png\" \/>\n\t\t\t\t\t\t\t\t\t\t\t<\/div>\n\t\t\t<div class=\"teaser-button\">\n\t\t\t\t\t\t\t\t\t<a class=\"btn btn-primary\" href=\"https:\/\/www.giata.com\/de\/client_story\/zeus-data-consistency-case-study\/\">Weiterlesen<\/a>\n\t\t\t\t\t\t\t<\/div>\n\t\t\t<div class=\"teaser-bottom-left\">\n\t\t\t\t<div class=\"teaser-text-bottom\">\n\t\t\t\t\t<blockquote><p>Ich w\u00fcrde das GIATA jedem anderen Hotel empfehlen. Egal ob 4, 5 oder 7* - GIATA nimmt Sie als Teil der weltweiten Liga der Gastfreundschaft auf.<\/p><\/blockquote>\t\t\t\t\t<div class=\"client-story-user\">\n\t\t\t\t\t\t\t\t\t\t\t\t\t<img decoding=\"async\" src=\"https:\/\/d3gd9x5cnjm3r1.cloudfront.net\/wp-content\/uploads\/2026\/04\/Liana_Tampourea.png\" \/>\n\t\t\t\t\t\t\t\t\t\t\t\t<div>\n\t\t\t\t\t\t\t<strong>Liana Tampourea<\/strong>\n\t\t\t\t\t\t\tVerkaufsdirektor Gro\u00dfkunden\t\t\t\t\t\t<\/div>\n\t\t\t\t\t<\/div>\n\t\t\t\t<\/div>\n\t\t\t<\/div>\n\t\t\t\t\t\t\t\t\t\t<div class=\"teaser-bottom-right\">\n\t\t\t\t\t<div class=\"client-story-numbers\">\n\t\t\t\t\t\t<div class=\"numbers\">\n\t\t\t\t\t\t\t\t\t\t\t\t\t<\/div>\n\t\t\t\t\t<\/div>\n\t\t\t\t<\/div>\n\t\t\t\t\t<\/div>\n\t<\/div>\n<\/div>\t<\/div>\n<\/div>\n\n\n<div style=\"height:100px\" aria-hidden=\"true\" class=\"wp-block-spacer\"><\/div>\n\n\n\n<div class=\"wp-block-group alignfull is-style-small has-light-grey-background-color has-background\"><div class=\"wp-block-group__inner-container is-layout-constrained wp-block-group-is-layout-constrained\">\n<h3 class=\"wp-block-heading has-text-align-center\">Ihr Weg zu besseren Daten<\/h3>\n\n\n\n<div class=\"wp-block-columns is-layout-flex wp-container-core-columns-is-layout-9d6595d7 wp-block-columns-is-layout-flex\">\n<div class=\"wp-block-column is-layout-flow wp-block-column-is-layout-flow\">\t\t<div class=\"teaser has-no-text-below has-yellow-rect\">\n\t\t<div class=\"teaser-image\"  style=\"\t\t\t\t\t\tbackground-color: #ffffff;\t\t\t\t\t\t\" \n\t\t\t>\n\t\t\t<div class=\"teaser-content\">\n\t\t\t\t\t\t\t\t<div class=\"teaser-top-left\">\n\t\t\t\t\t\t\t\t\t\t<div class=\"teaser-text-top\"><h5>Buchen Sie Ihre Produktdemo<\/h5>\n<p>Erfahren Sie, wie GIATA Multicodes Ihre Prozesse im Travel-Bereich optimiert.<\/p>\n<\/div>\t\t\t\t<\/div>\n\t\t\t\t<div class=\"teaser-bottom-left\">\n\t\t\t\t\t<div class=\"teaser-text-bottom\"><p><a class=\"arrow-link\" href=\"\/de\/layer\/eine-demo-buchen\/\" data-bs-toggle=\"modal\" data-bs-target=\"#book_a_demo_modal\">Demo buchen<\/a><\/p>\n<\/div>\t\t\t\t<\/div>\n\t\t\t<\/div>\n\t\t<\/div>\n\t\t\t<\/div>\n<\/div>\n\n\n\n<div class=\"wp-block-column is-layout-flow wp-block-column-is-layout-flow\">\t\t<div class=\"teaser has-no-text-below has-yellow-rect\">\n\t\t<div class=\"teaser-image\"  style=\"\t\t\t\t\t\t\t\t\t\t\t\tborder-color: #b0c7cf;\" \n\t\t\t>\n\t\t\t<div class=\"teaser-content\">\n\t\t\t\t\t\t\t\t<div class=\"teaser-top-left\">\n\t\t\t\t\t\t\t\t\t\t<div class=\"teaser-text-top\"><h5>Ihre kostenfreie 15-min\u00fctige Beratung<\/h5>\n<p>Lassen Sie sich von uns bei der Auswahl der passenden L\u00f6sung beraten.<\/p>\n<\/div>\t\t\t\t<\/div>\n\t\t\t\t<div class=\"teaser-bottom-left\">\n\t\t\t\t\t<div class=\"teaser-text-bottom\"><p><a class=\"arrow-link\" href=\"\/de\/layer\/15-min-beratung\/\" data-load-layer=\"964\"  data-bs-toggle=\"modal\" data-bs-target=\"#blank_modal\">Beratung anfragen<\/a><\/p>\n<\/div>\t\t\t\t<\/div>\n\t\t\t<\/div>\n\t\t<\/div>\n\t\t\t<\/div>\n<\/div>\n<\/div>\n<\/div><\/div>\n\n\n\n<div style=\"height:100px\" aria-hidden=\"true\" class=\"wp-block-spacer\"><\/div>\n\n\n<div class=\"newsletter\">\n\t<div class=\"fullscreen-text d-sm-none\">\n\t\t<div>Vorne bleiben in<\/div> \n\t\t<div>die <span class=\"text-primary\">auf einem dynamischen<\/span> <span class=\"text-secondary\">Reisemarkt<\/span><\/div>\n\t\t<div>immer einen Schritt voraus<\/div>\n\t<\/div>\n\t<div class=\"fullscreen-text d-none d-sm-block\">\n\t\t<div>Bleiben Sie <span class=\"text-primary\">auf einem dynamischen<\/span><\/div>\n\t\t<div><span class=\"text-secondary\">Reisemarkt<\/span> immer einen Schritt voraus<\/div>\n\t<\/div>\n\t<div class=\"newsletter-form\">\n\t\t\t\t<div class=\"hs-form-html\" data-region=\"na1\" data-portal-id=\"5405124\" data-form-id=\"d8d68409-9fb2-4481-9ff0-9aab318733f5\">\n\t\t<!-- <div class=\"hubspot-placeholder\">\n\t\t\t<img decoding=\"async\" width=\"812\" height=\"368\" src=\"https:\/\/d3gd9x5cnjm3r1.cloudfront.net\/wp-content\/uploads\/2026\/01\/Newsletter.png\" class=\"hubspot-placeholder-img d-none d-md-block\" alt=\"\" \/>\t\t\t<div class=\"hubspot-placeholder-hover\">\n\t\t\t\t<div>\n\t\t\t\t\t<div>\n\t\t\t\t\t\t<h5>Consent required<\/h5>\n<p>This form is hosted by HubSpot and can only be displayed after you give consent to load external content. This may include cookies.<\/p>\n\t\t\t\t\t<\/div>\n\t\t\t\t\t<button class=\"btn btn-primary btn-sm\" type=\"button\" data-borlabs-accept-service=\"hubspot-forms\">Enable HubSpot Forms<\/button>\n\t\t\t\t<\/div>\n\t\t\t<\/div>\n\t\t<\/div> -->\n\t<\/div>\n\t\t<\/div>\n<\/div>","protected":false},"excerpt":{"rendered":"<p>From global hotel chains to leading tech providers, discover how the world\u2019s travel leaders achieve digital flow. Explore success stories from Vincci Hoteles, Zafiro Hotels, Mangia\u2019s, Suntransfers, and more, showcasing how GIATA\u2019s automated content distribution and AI-driven mapping eliminate operational friction and maximize booking accuracy across all global channels<\/p>","protected":false},"author":2,"featured_media":0,"parent":0,"menu_order":23,"comment_status":"closed","ping_status":"closed","template":"","meta":{"_acf_changed":false,"content-type":"","footnotes":""},"class_list":["post-26","page","type-page","status-publish","format-standard","hentry"],"acf":[],"yoast_head":"<!-- This site is optimized with the Yoast SEO Premium plugin v27.4 (Yoast SEO v27.4) - https:\/\/yoast.com\/product\/yoast-seo-premium-wordpress\/ -->\n<title>Hotel Tech Case Studies That Changed the Industry<\/title>\n<meta name=\"description\" content=\"Discover how global travel brands like Vincci Hoteles, Zafiro, and Mangia&#039;s use GIATA to automate content and scale digital efficiency. Real results from 30 years of travel tech\" \/>\n<meta name=\"robots\" content=\"index, follow, max-snippet:-1, max-image-preview:large, max-video-preview:-1\" \/>\n<link rel=\"canonical\" href=\"https:\/\/www.giata.com\/de\/success-stories\/\" \/>\n<meta property=\"og:locale\" content=\"de_DE\" \/>\n<meta property=\"og:type\" content=\"article\" \/>\n<meta property=\"og:title\" content=\"Client stories\" \/>\n<meta property=\"og:description\" content=\"Discover how global travel brands like Vincci Hoteles, Zafiro, and Mangia&#039;s use GIATA to automate content and scale digital efficiency. Real results from 30 years of travel tech\" \/>\n<meta property=\"og:url\" content=\"https:\/\/www.giata.com\/de\/success-stories\/\" \/>\n<meta property=\"og:site_name\" content=\"GIATA\" \/>\n<meta property=\"article:modified_time\" content=\"2026-04-16T11:48:29+00:00\" \/>\n<meta name=\"twitter:card\" content=\"summary_large_image\" \/>\n<script type=\"application\/ld+json\" class=\"yoast-schema-graph\">{\"@context\":\"https:\\\/\\\/schema.org\",\"@graph\":[{\"@type\":\"WebPage\",\"@id\":\"https:\\\/\\\/www.giata.com\\\/client-stories\\\/\",\"url\":\"https:\\\/\\\/www.giata.com\\\/client-stories\\\/\",\"name\":\"Hotel Tech Case Studies That Changed the Industry\",\"isPartOf\":{\"@id\":\"https:\\\/\\\/www.giata.com\\\/#website\"},\"datePublished\":\"2025-12-01T11:47:01+00:00\",\"dateModified\":\"2026-04-16T11:48:29+00:00\",\"description\":\"Discover how global travel brands like Vincci Hoteles, Zafiro, and Mangia's use GIATA to automate content and scale digital efficiency. Real results from 30 years of travel tech\",\"breadcrumb\":{\"@id\":\"https:\\\/\\\/www.giata.com\\\/client-stories\\\/#breadcrumb\"},\"inLanguage\":\"de\",\"potentialAction\":[{\"@type\":\"ReadAction\",\"target\":[\"https:\\\/\\\/www.giata.com\\\/client-stories\\\/\"]}]},{\"@type\":\"BreadcrumbList\",\"@id\":\"https:\\\/\\\/www.giata.com\\\/client-stories\\\/#breadcrumb\",\"itemListElement\":[{\"@type\":\"ListItem\",\"position\":1,\"name\":\"Home\",\"item\":\"https:\\\/\\\/www.giata.com\\\/\"},{\"@type\":\"ListItem\",\"position\":2,\"name\":\"Client stories\"}]},{\"@type\":\"WebSite\",\"@id\":\"https:\\\/\\\/www.giata.com\\\/#website\",\"url\":\"https:\\\/\\\/www.giata.com\\\/\",\"name\":\"GIATA\",\"description\":\"Better data. Better travel.\",\"potentialAction\":[{\"@type\":\"SearchAction\",\"target\":{\"@type\":\"EntryPoint\",\"urlTemplate\":\"https:\\\/\\\/www.giata.com\\\/?s={search_term_string}\"},\"query-input\":{\"@type\":\"PropertyValueSpecification\",\"valueRequired\":true,\"valueName\":\"search_term_string\"}}],\"inLanguage\":\"de\"},{\"@type\":\"ImageObject\",\"inLanguage\":\"de\",\"@id\":\"https:\\\/\\\/www.giata.com\\\/client-stories\\\/#local-main-organization-logo\",\"url\":\"\",\"contentUrl\":\"\",\"caption\":\"GIATA\"}]}<\/script>\n<!-- \/ Yoast SEO Premium plugin. -->","yoast_head_json":{"title":"Fallstudien zur Hoteltechnik, die die Branche ver\u00e4ndert haben","description":"Entdecken Sie, wie globale Reisemarken wie Vincci Hoteles, Zafiro und Mangia's GIATA nutzen, um Inhalte zu automatisieren und die digitale Effizienz zu steigern. Echte Ergebnisse aus 30 Jahren Reisetechnologie","robots":{"index":"index","follow":"follow","max-snippet":"max-snippet:-1","max-image-preview":"max-image-preview:large","max-video-preview":"max-video-preview:-1"},"canonical":"https:\/\/www.giata.com\/de\/success-stories\/","og_locale":"de_DE","og_type":"article","og_title":"Client stories","og_description":"Discover how global travel brands like Vincci Hoteles, Zafiro, and Mangia's use GIATA to automate content and scale digital efficiency. Real results from 30 years of travel tech","og_url":"https:\/\/www.giata.com\/de\/success-stories\/","og_site_name":"GIATA","article_modified_time":"2026-04-16T11:48:29+00:00","twitter_card":"summary_large_image","schema":{"@context":"https:\/\/schema.org","@graph":[{"@type":"WebPage","@id":"https:\/\/www.giata.com\/client-stories\/","url":"https:\/\/www.giata.com\/client-stories\/","name":"Fallstudien zur Hoteltechnik, die die Branche ver\u00e4ndert haben","isPartOf":{"@id":"https:\/\/www.giata.com\/#website"},"datePublished":"2025-12-01T11:47:01+00:00","dateModified":"2026-04-16T11:48:29+00:00","description":"Entdecken Sie, wie globale Reisemarken wie Vincci Hoteles, Zafiro und Mangia's GIATA nutzen, um Inhalte zu automatisieren und die digitale Effizienz zu steigern. Echte Ergebnisse aus 30 Jahren Reisetechnologie","breadcrumb":{"@id":"https:\/\/www.giata.com\/client-stories\/#breadcrumb"},"inLanguage":"de","potentialAction":[{"@type":"ReadAction","target":["https:\/\/www.giata.com\/client-stories\/"]}]},{"@type":"BreadcrumbList","@id":"https:\/\/www.giata.com\/client-stories\/#breadcrumb","itemListElement":[{"@type":"ListItem","position":1,"name":"Home","item":"https:\/\/www.giata.com\/"},{"@type":"ListItem","position":2,"name":"Client stories"}]},{"@type":"WebSite","@id":"https:\/\/www.giata.com\/#website","url":"https:\/\/www.giata.com\/","name":"GIATA","description":"Better data. Better travel.","potentialAction":[{"@type":"SearchAction","target":{"@type":"EntryPoint","urlTemplate":"https:\/\/www.giata.com\/?s={search_term_string}"},"query-input":{"@type":"PropertyValueSpecification","valueRequired":true,"valueName":"search_term_string"}}],"inLanguage":"de"},{"@type":"ImageObject","inLanguage":"de","@id":"https:\/\/www.giata.com\/client-stories\/#local-main-organization-logo","url":"","contentUrl":"","caption":"GIATA"}]}},"_links":{"self":[{"href":"https:\/\/www.giata.com\/de\/wp-json\/wp\/v2\/pages\/26","targetHints":{"allow":["GET"]}}],"collection":[{"href":"https:\/\/www.giata.com\/de\/wp-json\/wp\/v2\/pages"}],"about":[{"href":"https:\/\/www.giata.com\/de\/wp-json\/wp\/v2\/types\/page"}],"author":[{"embeddable":true,"href":"https:\/\/www.giata.com\/de\/wp-json\/wp\/v2\/users\/2"}],"replies":[{"embeddable":true,"href":"https:\/\/www.giata.com\/de\/wp-json\/wp\/v2\/comments?post=26"}],"version-history":[{"count":18,"href":"https:\/\/www.giata.com\/de\/wp-json\/wp\/v2\/pages\/26\/revisions"}],"predecessor-version":[{"id":2986,"href":"https:\/\/www.giata.com\/de\/wp-json\/wp\/v2\/pages\/26\/revisions\/2986"}],"wp:attachment":[{"href":"https:\/\/www.giata.com\/de\/wp-json\/wp\/v2\/media?parent=26"}],"curies":[{"name":"wp","href":"https:\/\/api.w.org\/{rel}","templated":true}]}}